{"id":2474,"date":"2026-01-13T16:31:30","date_gmt":"2026-01-13T21:31:30","guid":{"rendered":"https:\/\/colombianrapmusic.com\/?page_id=2474"},"modified":"2026-01-13T17:04:28","modified_gmt":"2026-01-13T22:04:28","slug":"colombia-underground-historias-de-barrio","status":"publish","type":"page","link":"https:\/\/colombianrapmusic.com\/?page_id=2474","title":{"rendered":"Colombia Underground Historias de Barrio"},"content":{"rendered":"\t\t<div data-elementor-type=\"wp-page\" data-elementor-id=\"2474\" class=\"elementor elementor-2474\">\n\t\t\t\t\t\t<section class=\"elementor-section elementor-top-section elementor-element elementor-element-7b365c4 elementor-section-boxed elementor-section-height-default elementor-section-height-default\" data-id=\"7b365c4\" data-element_type=\"section\" data-e-type=\"section\">\n\t\t\t\t\t\t<div class=\"elementor-container elementor-column-gap-default\">\n\t\t\t\t\t<div class=\"elementor-column elementor-col-100 elementor-top-column elementor-element elementor-element-f67afbf\" data-id=\"f67afbf\" data-element_type=\"column\" data-e-type=\"column\">\n\t\t\t<div class=\"elementor-widget-wrap elementor-element-populated\">\n\t\t\t\t\t\t<div class=\"elementor-element elementor-element-dfc502d animated-slow elementor-invisible elementor-widget elementor-widget-image\" data-id=\"dfc502d\" data-element_type=\"widget\" data-e-type=\"widget\" data-settings=\"{&quot;_animation&quot;:&quot;bounce&quot;,&quot;_animation_delay&quot;:800}\" data-widget_type=\"image.default\">\n\t\t\t\t<div class=\"elementor-widget-container\">\n\t\t\t\t\t\t\t\t\t\t\t\t\t\t\t<img decoding=\"async\" width=\"150\" height=\"150\" src=\"https:\/\/colombianrapmusic.com\/wp-content\/uploads\/2023\/03\/nuevo-logo-colombian-rap-1-150x150.png\" class=\"attachment-thumbnail size-thumbnail wp-image-12\" alt=\"\" srcset=\"https:\/\/colombianrapmusic.com\/wp-content\/uploads\/2023\/03\/nuevo-logo-colombian-rap-1-150x150.png 150w, https:\/\/colombianrapmusic.com\/wp-content\/uploads\/2023\/03\/nuevo-logo-colombian-rap-1-300x300.png 300w, https:\/\/colombianrapmusic.com\/wp-content\/uploads\/2023\/03\/nuevo-logo-colombian-rap-1-1024x1024.png 1024w, https:\/\/colombianrapmusic.com\/wp-content\/uploads\/2023\/03\/nuevo-logo-colombian-rap-1-768x768.png 768w, https:\/\/colombianrapmusic.com\/wp-content\/uploads\/2023\/03\/elementor\/thumbs\/nuevo-logo-colombian-rap-1-q46rtvf0evqav7y433xqcnma3owf4p37zx3esym95c.png 200w, https:\/\/colombianrapmusic.com\/wp-content\/uploads\/2023\/03\/elementor\/thumbs\/nuevo-logo-colombian-rap-1-q46rtveyl3jng7pigqmz6jcqjokz529n687nkuwf3o.png 50w, https:\/\/colombianrapmusic.com\/wp-content\/uploads\/2023\/03\/nuevo-logo-colombian-rap-1.png 1080w\" sizes=\"(max-width: 150px) 100vw, 150px\" \/>\t\t\t\t\t\t\t\t\t\t\t\t\t\t\t<\/div>\n\t\t\t\t<\/div>\n\t\t\t\t\t<\/div>\n\t\t<\/div>\n\t\t\t\t\t<\/div>\n\t\t<\/section>\n\t\t\t\t<section class=\"elementor-section elementor-top-section elementor-element elementor-element-d9dd17a elementor-hidden-mobile elementor-section-boxed elementor-section-height-default elementor-section-height-default\" data-id=\"d9dd17a\" data-element_type=\"section\" data-e-type=\"section\">\n\t\t\t\t\t\t<div class=\"elementor-container elementor-column-gap-default\">\n\t\t\t\t\t<div class=\"elementor-column elementor-col-20 elementor-top-column elementor-element elementor-element-6370bad\" data-id=\"6370bad\" data-element_type=\"column\" data-e-type=\"column\">\n\t\t\t<div class=\"elementor-widget-wrap elementor-element-populated\">\n\t\t\t\t\t\t<div class=\"elementor-element elementor-element-ef0a90a elementor-widget elementor-widget-image\" data-id=\"ef0a90a\" data-element_type=\"widget\" data-e-type=\"widget\" data-widget_type=\"image.default\">\n\t\t\t\t<div class=\"elementor-widget-container\">\n\t\t\t\t\t\t\t\t\t\t\t\t\t\t\t\t<a href=\"http:\/\/colombianrapmusic.com\/?page_id=368(abre%20en%20una%20nueva%20pesta\u00f1a)\">\n\t\t\t\t\t\t\t<img decoding=\"async\" width=\"150\" height=\"150\" src=\"https:\/\/colombianrapmusic.com\/wp-content\/uploads\/2025\/09\/logo-pequeno-150x150.png\" class=\"attachment-thumbnail size-thumbnail wp-image-2018\" alt=\"\" \/>\t\t\t\t\t\t\t\t<\/a>\n\t\t\t\t\t\t\t\t\t\t\t\t\t\t\t<\/div>\n\t\t\t\t<\/div>\n\t\t\t\t\t<\/div>\n\t\t<\/div>\n\t\t\t\t<div class=\"elementor-column elementor-col-20 elementor-top-column elementor-element elementor-element-df1bd0a\" data-id=\"df1bd0a\" data-element_type=\"column\" data-e-type=\"column\">\n\t\t\t<div class=\"elementor-widget-wrap elementor-element-populated\">\n\t\t\t\t\t\t<div class=\"elementor-element elementor-element-585eb2d elementor-widget elementor-widget-image\" data-id=\"585eb2d\" data-element_type=\"widget\" data-e-type=\"widget\" data-widget_type=\"image.default\">\n\t\t\t\t<div class=\"elementor-widget-container\">\n\t\t\t\t\t\t\t\t\t\t\t\t\t\t\t\t<a href=\"https:\/\/colombianrapmusic.com\/?page_id=2432\">\n\t\t\t\t\t\t\t<img fetchpriority=\"high\" decoding=\"async\" width=\"1024\" height=\"1024\" src=\"https:\/\/colombianrapmusic.com\/wp-content\/uploads\/2026\/01\/79879.jpg\" class=\"attachment-large size-large wp-image-2253\" alt=\"\" srcset=\"https:\/\/colombianrapmusic.com\/wp-content\/uploads\/2026\/01\/79879.jpg 1024w, https:\/\/colombianrapmusic.com\/wp-content\/uploads\/2026\/01\/79879-300x300.jpg 300w, https:\/\/colombianrapmusic.com\/wp-content\/uploads\/2026\/01\/79879-150x150.jpg 150w, https:\/\/colombianrapmusic.com\/wp-content\/uploads\/2026\/01\/79879-768x768.jpg 768w\" sizes=\"(max-width: 1024px) 100vw, 1024px\" \/>\t\t\t\t\t\t\t\t<\/a>\n\t\t\t\t\t\t\t\t\t\t\t\t\t\t\t<\/div>\n\t\t\t\t<\/div>\n\t\t\t\t\t<\/div>\n\t\t<\/div>\n\t\t\t\t<div class=\"elementor-column elementor-col-20 elementor-top-column elementor-element elementor-element-0ca6111\" data-id=\"0ca6111\" data-element_type=\"column\" data-e-type=\"column\">\n\t\t\t<div class=\"elementor-widget-wrap elementor-element-populated\">\n\t\t\t\t\t\t<div class=\"elementor-element elementor-element-84b1bfa elementor-widget elementor-widget-image\" data-id=\"84b1bfa\" data-element_type=\"widget\" data-e-type=\"widget\" data-widget_type=\"image.default\">\n\t\t\t\t<div class=\"elementor-widget-container\">\n\t\t\t\t\t\t\t\t\t\t\t\t\t\t\t\t<a href=\"https:\/\/colombianrapmusic.com\/?page_id=332\">\n\t\t\t\t\t\t\t<img loading=\"lazy\" decoding=\"async\" width=\"1024\" height=\"1024\" src=\"https:\/\/colombianrapmusic.com\/wp-content\/uploads\/2026\/01\/6566756757.jpeg\" class=\"attachment-full size-full wp-image-2260\" alt=\"\" srcset=\"https:\/\/colombianrapmusic.com\/wp-content\/uploads\/2026\/01\/6566756757.jpeg 1024w, https:\/\/colombianrapmusic.com\/wp-content\/uploads\/2026\/01\/6566756757-300x300.jpeg 300w, https:\/\/colombianrapmusic.com\/wp-content\/uploads\/2026\/01\/6566756757-150x150.jpeg 150w, https:\/\/colombianrapmusic.com\/wp-content\/uploads\/2026\/01\/6566756757-768x768.jpeg 768w\" sizes=\"(max-width: 1024px) 100vw, 1024px\" \/>\t\t\t\t\t\t\t\t<\/a>\n\t\t\t\t\t\t\t\t\t\t\t\t\t\t\t<\/div>\n\t\t\t\t<\/div>\n\t\t\t\t\t<\/div>\n\t\t<\/div>\n\t\t\t\t<div class=\"elementor-column elementor-col-20 elementor-top-column elementor-element elementor-element-eba07cc\" data-id=\"eba07cc\" data-element_type=\"column\" data-e-type=\"column\">\n\t\t\t<div class=\"elementor-widget-wrap elementor-element-populated\">\n\t\t\t\t\t\t<div class=\"elementor-element elementor-element-55546e7 elementor-widget__width-initial elementor-widget elementor-widget-image\" data-id=\"55546e7\" data-element_type=\"widget\" data-e-type=\"widget\" data-widget_type=\"image.default\">\n\t\t\t\t<div class=\"elementor-widget-container\">\n\t\t\t\t\t\t\t\t\t\t\t\t\t\t\t\t<a href=\"https:\/\/colombianrapmusic.com\/?page_id=343\">\n\t\t\t\t\t\t\t<img loading=\"lazy\" decoding=\"async\" width=\"1024\" height=\"1024\" src=\"https:\/\/colombianrapmusic.com\/wp-content\/uploads\/2026\/01\/097798798.jpeg\" class=\"attachment-full size-full wp-image-2259\" alt=\"\" srcset=\"https:\/\/colombianrapmusic.com\/wp-content\/uploads\/2026\/01\/097798798.jpeg 1024w, https:\/\/colombianrapmusic.com\/wp-content\/uploads\/2026\/01\/097798798-300x300.jpeg 300w, https:\/\/colombianrapmusic.com\/wp-content\/uploads\/2026\/01\/097798798-150x150.jpeg 150w, https:\/\/colombianrapmusic.com\/wp-content\/uploads\/2026\/01\/097798798-768x768.jpeg 768w\" sizes=\"(max-width: 1024px) 100vw, 1024px\" \/>\t\t\t\t\t\t\t\t<\/a>\n\t\t\t\t\t\t\t\t\t\t\t\t\t\t\t<\/div>\n\t\t\t\t<\/div>\n\t\t\t\t\t<\/div>\n\t\t<\/div>\n\t\t\t\t<div class=\"elementor-column elementor-col-20 elementor-top-column elementor-element elementor-element-58c9bbc\" data-id=\"58c9bbc\" data-element_type=\"column\" data-e-type=\"column\">\n\t\t\t<div class=\"elementor-widget-wrap elementor-element-populated\">\n\t\t\t\t\t\t<div class=\"elementor-element elementor-element-5ceb10a elementor-widget elementor-widget-image\" data-id=\"5ceb10a\" data-element_type=\"widget\" data-e-type=\"widget\" data-widget_type=\"image.default\">\n\t\t\t\t<div class=\"elementor-widget-container\">\n\t\t\t\t\t\t\t\t\t\t\t\t\t\t\t\t<a href=\"https:\/\/colombianrapmusic.com\/?page_id=2474\">\n\t\t\t\t\t\t\t<img loading=\"lazy\" decoding=\"async\" width=\"1017\" height=\"1024\" src=\"https:\/\/colombianrapmusic.com\/wp-content\/uploads\/2026\/01\/a615c836-b538-4f00-8dd5-e4a55d89d9ff.jpg\" class=\"attachment-full size-full wp-image-2257\" alt=\"\" srcset=\"https:\/\/colombianrapmusic.com\/wp-content\/uploads\/2026\/01\/a615c836-b538-4f00-8dd5-e4a55d89d9ff.jpg 1017w, https:\/\/colombianrapmusic.com\/wp-content\/uploads\/2026\/01\/a615c836-b538-4f00-8dd5-e4a55d89d9ff-298x300.jpg 298w, https:\/\/colombianrapmusic.com\/wp-content\/uploads\/2026\/01\/a615c836-b538-4f00-8dd5-e4a55d89d9ff-150x150.jpg 150w, https:\/\/colombianrapmusic.com\/wp-content\/uploads\/2026\/01\/a615c836-b538-4f00-8dd5-e4a55d89d9ff-768x773.jpg 768w\" sizes=\"(max-width: 1017px) 100vw, 1017px\" \/>\t\t\t\t\t\t\t\t<\/a>\n\t\t\t\t\t\t\t\t\t\t\t\t\t\t\t<\/div>\n\t\t\t\t<\/div>\n\t\t\t\t\t<\/div>\n\t\t<\/div>\n\t\t\t\t\t<\/div>\n\t\t<\/section>\n\t\t\t\t<section class=\"elementor-section elementor-top-section elementor-element elementor-element-631e95e elementor-section-boxed elementor-section-height-default elementor-section-height-default\" data-id=\"631e95e\" data-element_type=\"section\" data-e-type=\"section\">\n\t\t\t\t\t\t<div class=\"elementor-container elementor-column-gap-default\">\n\t\t\t\t\t<div class=\"elementor-column elementor-col-100 elementor-top-column elementor-element elementor-element-52663de\" data-id=\"52663de\" data-element_type=\"column\" data-e-type=\"column\">\n\t\t\t<div class=\"elementor-widget-wrap elementor-element-populated\">\n\t\t\t\t\t\t<div class=\"elementor-element elementor-element-ae751db elementor-widget elementor-widget-heading\" data-id=\"ae751db\" data-element_type=\"widget\" data-e-type=\"widget\" data-widget_type=\"heading.default\">\n\t\t\t\t<div class=\"elementor-widget-container\">\n\t\t\t\t\t<h2 class=\"elementor-heading-title elementor-size-default\">Descubre las Ra\u00edces del Rap con \u201cColombia Underground: Historias de Barrio\u201d<\/h2>\t\t\t\t<\/div>\n\t\t\t\t<\/div>\n\t\t\t\t\t<\/div>\n\t\t<\/div>\n\t\t\t\t\t<\/div>\n\t\t<\/section>\n\t\t\t\t<section class=\"elementor-section elementor-top-section elementor-element elementor-element-396e456 elementor-section-boxed elementor-section-height-default elementor-section-height-default\" data-id=\"396e456\" data-element_type=\"section\" data-e-type=\"section\">\n\t\t\t\t\t\t<div class=\"elementor-container elementor-column-gap-default\">\n\t\t\t\t\t<div class=\"elementor-column elementor-col-50 elementor-top-column elementor-element elementor-element-3600d68\" data-id=\"3600d68\" data-element_type=\"column\" data-e-type=\"column\">\n\t\t\t<div class=\"elementor-widget-wrap elementor-element-populated\">\n\t\t\t\t\t\t<div class=\"elementor-element elementor-element-52acb51 elementor-widget elementor-widget-text-editor\" data-id=\"52acb51\" data-element_type=\"widget\" data-e-type=\"widget\" data-widget_type=\"text-editor.default\">\n\t\t\t\t<div class=\"elementor-widget-container\">\n\t\t\t\t\t\t\t\t\t<p>En un emocionante viaje sonoro que celebra la esencia del hip-hop colombiano, llega \u201cColombia Underground: Historias de Barrio\u201d. Este innovador podcast, transmitido en vivo y en directo a trav\u00e9s de YouTube, Instagram y Facebook, se convierte en un puente entre las historias de los barrios y el pulso vibrante de la m\u00fasica urbana.<\/p>\t\t\t\t\t\t\t\t<\/div>\n\t\t\t\t<\/div>\n\t\t\t\t\t<\/div>\n\t\t<\/div>\n\t\t\t\t<div class=\"elementor-column elementor-col-50 elementor-top-column elementor-element elementor-element-56e16bc\" data-id=\"56e16bc\" data-element_type=\"column\" data-e-type=\"column\">\n\t\t\t<div class=\"elementor-widget-wrap elementor-element-populated\">\n\t\t\t\t\t\t<div class=\"elementor-element elementor-element-80f720f elementor-widget elementor-widget-text-editor\" data-id=\"80f720f\" data-element_type=\"widget\" data-e-type=\"widget\" data-widget_type=\"text-editor.default\">\n\t\t\t\t<div class=\"elementor-widget-container\">\n\t\t\t\t\t\t\t\t\t<p>Cada episodio es una experiencia \u00fanica donde Frank y su equipo conversan con artistas emergentes y consolidados, quienes comparten sus vivencias, an\u00e9cdotas y la evoluci\u00f3n de su carrera musical. A trav\u00e9s de relatos aut\u00e9nticos, los oyentes podr\u00e1n adentrarse en la cultura del rap, conocer los or\u00edgenes de sus artistas favoritos y descubrir los barrios que han dado vida a estas historias.<\/p>\t\t\t\t\t\t\t\t<\/div>\n\t\t\t\t<\/div>\n\t\t\t\t\t<\/div>\n\t\t<\/div>\n\t\t\t\t\t<\/div>\n\t\t<\/section>\n\t\t\t\t<section class=\"elementor-section elementor-top-section elementor-element elementor-element-f98a866 elementor-section-boxed elementor-section-height-default elementor-section-height-default\" data-id=\"f98a866\" data-element_type=\"section\" data-e-type=\"section\">\n\t\t\t\t\t\t<div class=\"elementor-container elementor-column-gap-default\">\n\t\t\t\t\t<div class=\"elementor-column elementor-col-50 elementor-top-column elementor-element elementor-element-02cc78f\" data-id=\"02cc78f\" data-element_type=\"column\" data-e-type=\"column\">\n\t\t\t<div class=\"elementor-widget-wrap elementor-element-populated\">\n\t\t\t\t\t\t<div class=\"elementor-element elementor-element-feafbef elementor-widget elementor-widget-text-editor\" data-id=\"feafbef\" data-element_type=\"widget\" data-e-type=\"widget\" data-widget_type=\"text-editor.default\">\n\t\t\t\t<div class=\"elementor-widget-container\">\n\t\t\t\t\t\t\t\t\t<p>\u201cColombia Underground\u201d no solo es un espacio para la m\u00fasica, sino tambi\u00e9n para la cultura, la identidad y la comunidad. A trav\u00e9s de cada episodio, se busca resaltar la importancia de las ra\u00edces, la autenticidad y el talento que emerge desde los rincones m\u00e1s aut\u00e9nticos de Colombia.<\/p>\t\t\t\t\t\t\t\t<\/div>\n\t\t\t\t<\/div>\n\t\t\t\t\t<\/div>\n\t\t<\/div>\n\t\t\t\t<div class=\"elementor-column elementor-col-50 elementor-top-column elementor-element elementor-element-31ceb35\" data-id=\"31ceb35\" data-element_type=\"column\" data-e-type=\"column\">\n\t\t\t<div class=\"elementor-widget-wrap elementor-element-populated\">\n\t\t\t\t\t\t<div class=\"elementor-element elementor-element-0deb8cb elementor-widget elementor-widget-text-editor\" data-id=\"0deb8cb\" data-element_type=\"widget\" data-e-type=\"widget\" data-widget_type=\"text-editor.default\">\n\t\t\t\t<div class=\"elementor-widget-container\">\n\t\t\t\t\t\t\t\t\t<p>Invitamos a todos los amantes de la m\u00fasica urbana a sintonizar \u201cColombia Underground: Historias de Barrio\u201d y a ser parte de esta experiencia \u00fanica que une generaciones, talentos y las historias que dan forma a la cultura del rap colombiano.<\/p>\t\t\t\t\t\t\t\t<\/div>\n\t\t\t\t<\/div>\n\t\t\t\t\t<\/div>\n\t\t<\/div>\n\t\t\t\t\t<\/div>\n\t\t<\/section>\n\t\t\t\t<section class=\"elementor-section elementor-top-section elementor-element elementor-element-d832a49 elementor-section-boxed elementor-section-height-default elementor-section-height-default\" data-id=\"d832a49\" data-element_type=\"section\" data-e-type=\"section\">\n\t\t\t\t\t\t<div class=\"elementor-container elementor-column-gap-default\">\n\t\t\t\t\t<div class=\"elementor-column elementor-col-100 elementor-top-column elementor-element elementor-element-875d6ea\" data-id=\"875d6ea\" data-element_type=\"column\" data-e-type=\"column\">\n\t\t\t<div class=\"elementor-widget-wrap elementor-element-populated\">\n\t\t\t\t\t\t<div class=\"elementor-element elementor-element-22df977 elementor-widget elementor-widget-video\" data-id=\"22df977\" data-element_type=\"widget\" data-e-type=\"widget\" data-settings=\"{&quot;youtube_url&quot;:&quot;https:\\\/\\\/www.youtube.com\\\/watch?v=wCi3zknNV9U&amp;list=PLEXFrFpukZlqUgDtxJGhMTDoNXFaUWIFo&amp;index=1&quot;,&quot;autoplay&quot;:&quot;yes&quot;,&quot;video_type&quot;:&quot;youtube&quot;,&quot;controls&quot;:&quot;yes&quot;}\" data-widget_type=\"video.default\">\n\t\t\t\t<div class=\"elementor-widget-container\">\n\t\t\t\t\t\t\t<div class=\"elementor-wrapper elementor-open-inline\">\n\t\t\t<div class=\"elementor-video\"><\/div>\t\t<\/div>\n\t\t\t\t\t\t<\/div>\n\t\t\t\t<\/div>\n\t\t\t\t\t<\/div>\n\t\t<\/div>\n\t\t\t\t\t<\/div>\n\t\t<\/section>\n\t\t\t\t<\/div>\n\t\t","protected":false},"excerpt":{"rendered":"<p>Descubre las Ra\u00edces del Rap con \u201cColombia Underground: Historias de Barrio\u201d En un emocionante viaje sonoro que celebra la esencia del hip-hop colombiano, llega \u201cColombia Underground: Historias de Barrio\u201d. Este innovador podcast, transmitido en vivo y en directo a trav\u00e9s de YouTube, Instagram y Facebook, se convierte en un puente entre las historias de los [&hellip;]<\/p>\n","protected":false},"author":1,"featured_media":11,"parent":0,"menu_order":0,"comment_status":"closed","ping_status":"closed","template":"elementor_header_footer","meta":{"footnotes":""},"class_list":["post-2474","page","type-page","status-publish","has-post-thumbnail","hentry"],"_links":{"self":[{"href":"https:\/\/colombianrapmusic.com\/index.php?rest_route=\/wp\/v2\/pages\/2474","targetHints":{"allow":["GET"]}}],"collection":[{"href":"https:\/\/colombianrapmusic.com\/index.php?rest_route=\/wp\/v2\/pages"}],"about":[{"href":"https:\/\/colombianrapmusic.com\/index.php?rest_route=\/wp\/v2\/types\/page"}],"author":[{"embeddable":true,"href":"https:\/\/colombianrapmusic.com\/index.php?rest_route=\/wp\/v2\/users\/1"}],"replies":[{"embeddable":true,"href":"https:\/\/colombianrapmusic.com\/index.php?rest_route=%2Fwp%2Fv2%2Fcomments&post=2474"}],"version-history":[{"count":16,"href":"https:\/\/colombianrapmusic.com\/index.php?rest_route=\/wp\/v2\/pages\/2474\/revisions"}],"predecessor-version":[{"id":2515,"href":"https:\/\/colombianrapmusic.com\/index.php?rest_route=\/wp\/v2\/pages\/2474\/revisions\/2515"}],"wp:featuredmedia":[{"embeddable":true,"href":"https:\/\/colombianrapmusic.com\/index.php?rest_route=\/wp\/v2\/media\/11"}],"wp:attachment":[{"href":"https:\/\/colombianrapmusic.com\/index.php?rest_route=%2Fwp%2Fv2%2Fmedia&parent=2474"}],"curies":[{"name":"wp","href":"https:\/\/api.w.org\/{rel}","templated":true}]}}